{"id":3,"date":"2021-12-17T15:51:36","date_gmt":"2021-12-17T14:51:36","guid":{"rendered":"https:\/\/cym-iot.com\/?page_id=3"},"modified":"2024-02-29T19:02:05","modified_gmt":"2024-02-29T18:02:05","slug":"privacy-policy","status":"publish","type":"page","link":"https:\/\/cym-iot.com\/pt\/privacy-policy\/","title":{"rendered":"Privacy policy"},"content":{"rendered":"<h3 class=\"wp-block-heading eplus-wrapper\">1. Pr\u00e9sentation du site<\/h3>\n\n\n\n<p class=\"eplus-wrapper\"><strong>Propri\u00e9taire<\/strong>&nbsp;: SAS Connect Your Machine \/ CYM<\/p>\n\n\n\n<p class=\"eplus-wrapper\"><strong>Si\u00e8ge Social<\/strong>&nbsp;: ELECTROLAB \u2013 52 rue Paul Lescop 92000 Nanterre France<\/p>\n\n\n\n<p class=\"eplus-wrapper\"><strong>N\u00b0 d\u2019inscription RCS<\/strong>&nbsp;: Nanterre B 811 344 498<\/p>\n\n\n\n<p class=\"eplus-wrapper\"><strong>Responsable publication<\/strong>\u00a0: M. Le V\u00e9zou\u00ebt<\/p>\n\n\n\n<p class=\"eplus-wrapper\"><strong>H\u00e9bergeur<\/strong>&nbsp;: OVH \u2013 2 rue Kellermann \u2013 59100&nbsp;<em>Roubaix<\/em><\/p>\n\n\n\n<h3 class=\"wp-block-heading eplus-wrapper\">2. Description des services fournis<\/h3>\n\n\n\n<p class=\"eplus-wrapper\">Le site&nbsp;CYM a pour objet de fournir une information concernant l\u2019ensemble des activit\u00e9s de la soci\u00e9t\u00e9.<\/p>\n\n\n\n<p class=\"eplus-wrapper\">CYM s\u2019efforce de fournir sur le site des informations aussi pr\u00e9cises que possible. Toutefois, il ne pourra \u00eatre tenue responsable des omissions, des inexactitudes et des carences dans la mise \u00e0 jour, qu\u2019elles soient de son fait ou du fait des tiers partenaires qui lui fournissent ces informations.<\/p>\n\n\n\n<p class=\"eplus-wrapper\">Tous les informations indiqu\u00e9es sur le site sont donn\u00e9es \u00e0 titre indicatif, et sont susceptibles d\u2019\u00e9voluer. Par ailleurs, les renseignements figurant sur le site ne sont pas exhaustifs. Ils sont donn\u00e9s sous r\u00e9serve de modifications ayant \u00e9t\u00e9 apport\u00e9es depuis leur mise en ligne.<\/p>\n\n\n\n<h3 class=\"wp-block-heading eplus-wrapper\">3. Limitations contractuelles sur les donn\u00e9es techniques<\/h3>\n\n\n\n<p class=\"eplus-wrapper\">Le site utilise la technologie JavaScript. Le site Internet ne pourra \u00eatre tenu responsable de dommages mat\u00e9riels li\u00e9s \u00e0 l\u2019utilisation du site. De plus, l\u2019utilisateur du site s\u2019engage \u00e0 acc\u00e9der au site en utilisant un mat\u00e9riel r\u00e9cent, ne contenant pas de virus et avec un navigateur de derni\u00e8re g\u00e9n\u00e9ration mis-\u00e0-jour.<\/p>\n\n\n\n<h3 class=\"wp-block-heading eplus-wrapper\">4. Propri\u00e9t\u00e9 intellectuelle et contrefa\u00e7ons<\/h3>\n\n\n\n<p class=\"eplus-wrapper\">CYM est propri\u00e9taire des droits de propri\u00e9t\u00e9 intellectuelle ou d\u00e9tient les droits d\u2019usage sur tous les \u00e9l\u00e9ments accessibles sur le site, notamment les textes, images, graphismes, logo, ic\u00f4nes, sons, logiciels.<\/p>\n\n\n\n<p class=\"eplus-wrapper\">Toute reproduction, repr\u00e9sentation, modification, publication, adaptation de tout ou partie des \u00e9l\u00e9ments du site, quel que soit le moyen ou le proc\u00e9d\u00e9 utilis\u00e9, est interdite, sauf autorisation \u00e9crite pr\u00e9alable de CYM.<\/p>\n\n\n\n<p class=\"eplus-wrapper\">Toute exploitation non autoris\u00e9e du site ou de l\u2019un quelconque des \u00e9l\u00e9ments qu\u2019il contient sera consid\u00e9r\u00e9e comme constitutive d\u2019une contrefa\u00e7on et poursuivie conform\u00e9ment aux dispositions des articles L.335-2 et suivants du Code de Propri\u00e9t\u00e9 Intellectuelle.<\/p>\n\n\n\n<h3 class=\"wp-block-heading eplus-wrapper\">5. Limitations de responsabilit\u00e9<\/h3>\n\n\n\n<p class=\"eplus-wrapper\">CYM ne pourra \u00eatre tenue responsable des dommages directs et indirects caus\u00e9s au mat\u00e9riel de l\u2019utilisateur, lors de l\u2019acc\u00e8s au site CYM, et r\u00e9sultant soit de l\u2019utilisation d\u2019un mat\u00e9riel ne r\u00e9pondant pas aux sp\u00e9cifications indiqu\u00e9es au point 3, soit de l\u2019apparition d\u2019un bug ou d\u2019une incompatibilit\u00e9.<\/p>\n\n\n\n<p class=\"eplus-wrapper\">CYM ne pourra \u00e9galement \u00eatre tenue responsable des dommages indirects (tels par exemple qu\u2019une perte de march\u00e9 ou perte d\u2019une chance) cons\u00e9cutifs \u00e0 l\u2019utilisation du site.<\/p>\n\n\n\n<p class=\"eplus-wrapper\">Toutes les marques cit\u00e9es dans ce site appartiennent \u00e0 leurs compagnies respectives. Tous les produits, logos et images cit\u00e9s dans ce site appartiennent \u00e0 leur marque respective.<\/p>\n\n\n\n<h3 class=\"wp-block-heading eplus-wrapper\">6. Gestion des donn\u00e9es personnelles<\/h3>\n\n\n\n<p class=\"eplus-wrapper\">En France, les donn\u00e9es personnelles sont notamment prot\u00e9g\u00e9es par la loi n\u00b0 78-87 du 6 janvier 1978, la loi n\u00b0 2004-801 du 6 ao\u00fbt 2004, l\u2019article L. 226-13 du Code p\u00e9nal et la Directive Europ\u00e9enne du 24 octobre 1995.<\/p>\n\n\n\n<p class=\"eplus-wrapper\">A l\u2019occasion de l\u2019utilisation du site CYM, peuvent \u00eatres recueillies : l\u2019URL des liens par l\u2019interm\u00e9diaire desquels l\u2019utilisateur a acc\u00e9d\u00e9 au site, le fournisseur d\u2019acc\u00e8s de l\u2019utilisateur, l\u2019adresse de protocole Internet (IP) de l\u2019utilisateur.<\/p>\n\n\n\n<p class=\"eplus-wrapper\">Aucune information personnelle de l\u2019utilisateur du site n\u2019est publi\u00e9e \u00e0 l\u2019insu de l\u2019utilisateur, \u00e9chang\u00e9e, transf\u00e9r\u00e9e, c\u00e9d\u00e9e ou vendue sur un support quelconque \u00e0 des tiers. Seule l\u2019hypoth\u00e8se du rachat de CYM et de ses droits permettrait la transmission des dites informations \u00e0 l\u2019\u00e9ventuel acqu\u00e9reur qui serait \u00e0 son tour tenu de la m\u00eame obligation de conservation et de modification des donn\u00e9es vis \u00e0 vis de l\u2019utilisateur du site.<\/p>\n\n\n\n<p class=\"eplus-wrapper\">Le site n\u2019est pas d\u00e9clar\u00e9 \u00e0 la CNIL car il ne recueille pas d\u2019informations personnelles. .<\/p>\n\n\n\n<p class=\"eplus-wrapper\">Les bases de donn\u00e9es sont prot\u00e9g\u00e9es par les dispositions de la loi du 1er juillet 1998 transposant la directive 96\/9 du 11 mars 1996 relative \u00e0 la protection juridique des bases de donn\u00e9es.<\/p>\n\n\n\n<h3 class=\"wp-block-heading eplus-wrapper\">7. Liens hypertextes<\/h3>\n\n\n\n<p class=\"eplus-wrapper\">Le site contient un certain nombre de liens hypertextes vers d\u2019autres sites. Cependant, nous n&#8217;avons pas la possibilit\u00e9 de v\u00e9rifier en permanence le contenu des sites ainsi visit\u00e9s, et n\u2019assumera en cons\u00e9quence aucune responsabilit\u00e9 de ce fait.<\/p>\n\n\n\n<h3 class=\"wp-block-heading\">8. Cookies<\/h3>\n\n\n\n<p>Le site ne d\u00e9pose aucun cookie, ce qui explique l&#8217;absence de la banni\u00e8re &#8220;RGPD \/ vie priv\u00e9e&#8221; habituelle.<\/p>","protected":false},"excerpt":{"rendered":"<p>1. Pr\u00e9sentation du site Propri\u00e9taire&nbsp;: SAS Connect Your Machine \/ CYM Si\u00e8ge Social&nbsp;: ELECTROLAB \u2013 52 rue Paul Lescop 92000 Nanterre France N\u00b0 d\u2019inscription RCS&nbsp;: Nanterre B 811 344 498 Responsable publication\u00a0: M. Le V\u00e9zou\u00ebt H\u00e9bergeur&nbsp;: OVH \u2013 2 rue Kellermann \u2013 59100&nbsp;Roubaix 2. Description des services fournis Le site&nbsp;CYM a pour objet de fournir&#8230;<\/p>","protected":false},"author":1,"featured_media":0,"parent":0,"menu_order":0,"comment_status":"closed","ping_status":"open","template":"","meta":{"_seopress_robots_primary_cat":"","_seopress_titles_title":"","_seopress_titles_desc":"","_seopress_robots_index":"","_editorskit_title_hidden":false,"_editorskit_reading_time":2,"_editorskit_is_block_options_detached":false,"_editorskit_block_options_position":"{}","_kad_blocks_custom_css":"","_kad_blocks_head_custom_js":"","_kad_blocks_body_custom_js":"","_kad_blocks_footer_custom_js":"","_kad_post_transparent":"","_kad_post_title":"","_kad_post_layout":"","_kad_post_sidebar_id":"","_kad_post_content_style":"","_kad_post_vertical_padding":"","_kad_post_feature":"","_kad_post_feature_position":"","_kad_post_header":false,"_kad_post_footer":false,"footnotes":""},"class_list":["post-3","page","type-page","status-publish"],"taxonomy_info":[],"featured_image_src_large":false,"author_info":{"display_name":"pmachart","author_link":"https:\/\/cym-iot.com\/pt"},"comment_info":"","_links":{"self":[{"href":"https:\/\/cym-iot.com\/pt\/wp-json\/wp\/v2\/pages\/3"}],"collection":[{"href":"https:\/\/cym-iot.com\/pt\/wp-json\/wp\/v2\/pages"}],"about":[{"href":"https:\/\/cym-iot.com\/pt\/wp-json\/wp\/v2\/types\/page"}],"author":[{"embeddable":true,"href":"https:\/\/cym-iot.com\/pt\/wp-json\/wp\/v2\/users\/1"}],"replies":[{"embeddable":true,"href":"https:\/\/cym-iot.com\/pt\/wp-json\/wp\/v2\/comments?post=3"}],"version-history":[{"count":7,"href":"https:\/\/cym-iot.com\/pt\/wp-json\/wp\/v2\/pages\/3\/revisions"}],"predecessor-version":[{"id":127740,"href":"https:\/\/cym-iot.com\/pt\/wp-json\/wp\/v2\/pages\/3\/revisions\/127740"}],"wp:attachment":[{"href":"https:\/\/cym-iot.com\/pt\/wp-json\/wp\/v2\/media?parent=3"}],"curies":[{"name":"wp","href":"https:\/\/api.w.org\/{rel}","templated":true}]}}